{"id":1914,"date":"2017-04-23T08:24:41","date_gmt":"2017-04-23T08:24:41","guid":{"rendered":"https:\/\/acalaplata.org.ar?page_id=1914"},"modified":"2018-06-28T23:30:23","modified_gmt":"2018-06-28T23:30:23","slug":"nosotros","status":"publish","type":"page","link":"https:\/\/acalaplata.org.ar\/sectores\/nosotros\/","title":{"rendered":"Nosotros"},"content":{"rendered":"<p>[vc_row bg_type=\u00bb\u00bb dima_canvas_style=\u00bb\u00bb translate_x=\u00bb0&#8243; dima_z_index=\u00bb0&#8243; animate_item=\u00bb\u00bb delay_duration=\u00bb\u00bb delay_offset=\u00bb\u00bb][vc_column bg_type=\u00bb\u00bb dima_canvas_style=\u00bb\u00bb min_height=\u00bb\u00bb translate_x=\u00bb0&#8243; dima_z_index=\u00bb0&#8243; delay=\u00bb\u00bb delay_duration=\u00bb\u00bb delay_offset=\u00bb\u00bb width=\u00bb1\/1&#8243;]<span  class=\"dropcap dropcap-1\" >L<\/span>\n\t<div class=\"wpb_content_element \" >\n\t\t<div class=\"wpb_wrapper\">\n\t\t\t<p>a Acci\u00f3n Cat\u00f3lica Argentina (ACA) es una asociaci\u00f3n civil que lleva desde 1931 el Evangelio a las esferas p\u00fablicas y privadas del pa\u00eds. La presencia cotidiana y plural distingue a sus miembros, que van de la ni\u00f1ez a la adultez, pasando por la adolescencia y la juventud.<\/p>\n<p>Nuestra misi\u00f3n, en palabras del Concilio Vaticano II, es evangelizar y formar cristianamente las conciencias, para empapar de esp\u00edritu evang\u00e9lico las distintas comunidades y ambientes.<\/p>\n<p>Para ser fiel a s\u00ed misma, la ACA continuamente intenta construir relaciones fraternas, convencida de que debe realizar encuentros continuos y profundos. Llevar este mensaje de esperanza produce una forma de ser\/estar en el mundo especialmente original: vivir con una mirada creyente de la realidad.<\/p>\n\n\t\t<\/div> \n\t<\/div> <div class=\"column-item overflow-hidden text-center\"    ><img loading=\"lazy\" decoding=\"async\" width=\"1170\" height=\"725\"  class=\"dima-img \"  src=\"https:\/\/acalaplata.org.ar\/sectores\/wp-content\/uploads\/2018\/03\/Comisi\u00f3n-de-Sectores-ACA-La-Plata.jpg\"   alt=\"Comisi\u00f3n de Sectores ACA La Plata\"><\/div>\n\t<div class=\"wpb_content_element \" >\n\t\t<div class=\"wpb_wrapper\">\n\t\t\t<p style=\"text-align: center;\">La comisi\u00f3n platense del \u00e1rea Sectores.<\/p>\n\n\t\t<\/div> \n\t<\/div> <h3  class=\"dima-custom-heading text-center\" style=\"margin-top:50px\"    >\u00bfQu\u00e9 es Sectores?<\/h3><div  class=\"dima-divider   line-hr line-center\"   ><\/div>\n\t<div class=\"wpb_content_element \" >\n\t\t<div class=\"wpb_wrapper\">\n\t\t\t<p>Antes la gente estudiaba, trabajaba, se casaba y se relacionaba en un espacio m\u00e1s limitado. Entonces las parroquias cubr\u00edan las demandas de las mujeres y los hombres que habitaban ese lugar. El \u00c1rea Sectores surge de identificar las necesidades de la vida actual, sobre todo en las ciudades hiperconectadas: en ciudades como La Plata necesitamos otro modo de organizaci\u00f3n, porque las mediaciones actuales no alcanzan.<\/p>\n<p>Frente a estas transformaciones culturales y sociales, lo primero es reconocerlas e imaginar juntos formas de presencia y de acci\u00f3n. La necesidad de llegar a todos y de buscar caminos que no tengan como centro o punto de partida a la parroquia da lugar a Sectores, ya que la pastoral de la Iglesia no puede prescindir del contexto hist\u00f3rico donde viven sus miembros (\u201cDocumento de Aparecida\u201d).<\/p>\n<p>La construcci\u00f3n del bien com\u00fan exige la promoci\u00f3n humana y requiere de servicios concretos que den respuesta a las condiciones de vida indigna. Para restablecer el tejido social mediante la presencia viva de las sociedades intermedias en las que se juegan decisiones que afectan a los diferentes sectores sociales: trabajo urbano y rural, educaci\u00f3n, arte y comunicaci\u00f3n, promoci\u00f3n social, pol\u00edtica, ciencia y tecnolog\u00eda.<\/p>\n<p>Nos urge abrir espacios de encuentro y de reflexi\u00f3n que habiliten acciones conjuntas a las que se integrar\u00e1n los miembros de las dem\u00e1s \u00e1reas parroquiales de la ACA (Aspirantes, J\u00f3venes y Adultos), que desarrollan su actividad social, laboral, etc. en \u00e1mbitos extraparroquiales. As\u00ed surgen, por ejemplo, los grupos de docentes o el Sector Trabajadores de Acci\u00f3n Cat\u00f3lica.<\/p>\n<p>A su vez, la presencia de la ACA no tiene que ver s\u00f3lo con \u201chacer obras\u201d, sino con la renovaci\u00f3n espiritual de los ambientes desde el Evangelio. Para quienes integramos Sectores no se trata de palabras lindas. Es m\u00e1s bien un programa de vida: una decisi\u00f3n profunda de la raz\u00f3n y del coraz\u00f3n que nos anima a brindar lo mejor de nosotros, conscientes de nuestras limitaciones y virtudes. Para construir la comuni\u00f3n eclesial, impregnando cada espacio y cada persona del Esp\u00edritu de Dios. Para que el Amor de Cristo traiga paz duradera al mundo.<\/p>\n\n\t\t<\/div> \n\t<\/div> [\/vc_column][\/vc_row]<\/p>\n","protected":false},"excerpt":{"rendered":"<p>[vc_row bg_type=\u00bb\u00bb dima_canvas_style=\u00bb\u00bb translate_x=\u00bb0&#8243; dima_z_index=\u00bb0&#8243; animate_item=\u00bb\u00bb delay_duration=\u00bb\u00bb delay_offset=\u00bb\u00bb][vc_column bg_type=\u00bb\u00bb dima_canvas_style=\u00bb\u00bb min_height=\u00bb\u00bb translate_x=\u00bb0&#8243; dima_z_index=\u00bb0&#8243; delay=\u00bb\u00bb delay_duration=\u00bb\u00bb delay_offset=\u00bb\u00bb width=\u00bb1\/1&#8243;][\/vc_column][\/vc_row]<\/p>\n","protected":false},"author":2,"featured_media":0,"parent":0,"menu_order":0,"comment_status":"closed","ping_status":"closed","template":"","meta":{"footnotes":""},"class_list":["post-1914","page","type-page","status-publish","hentry"],"_links":{"self":[{"href":"https:\/\/acalaplata.org.ar\/sectores\/wp-json\/wp\/v2\/pages\/1914","targetHints":{"allow":["GET"]}}],"collection":[{"href":"https:\/\/acalaplata.org.ar\/sectores\/wp-json\/wp\/v2\/pages"}],"about":[{"href":"https:\/\/acalaplata.org.ar\/sectores\/wp-json\/wp\/v2\/types\/page"}],"author":[{"embeddable":true,"href":"https:\/\/acalaplata.org.ar\/sectores\/wp-json\/wp\/v2\/users\/2"}],"replies":[{"embeddable":true,"href":"https:\/\/acalaplata.org.ar\/sectores\/wp-json\/wp\/v2\/comments?post=1914"}],"version-history":[{"count":15,"href":"https:\/\/acalaplata.org.ar\/sectores\/wp-json\/wp\/v2\/pages\/1914\/revisions"}],"predecessor-version":[{"id":6094,"href":"https:\/\/acalaplata.org.ar\/sectores\/wp-json\/wp\/v2\/pages\/1914\/revisions\/6094"}],"wp:attachment":[{"href":"https:\/\/acalaplata.org.ar\/sectores\/wp-json\/wp\/v2\/media?parent=1914"}],"curies":[{"name":"wp","href":"https:\/\/api.w.org\/{rel}","templated":true}]}}